{"id":206107,"date":"2023-07-07T13:21:38","date_gmt":"2023-07-07T13:21:38","guid":{"rendered":"https:\/\/www.stlgcm.com\/page-daccueil\/"},"modified":"2025-03-13T09:06:12","modified_gmt":"2025-03-13T09:06:12","slug":"page-daccueil","status":"publish","type":"page","link":"https:\/\/www.stlgcm.com\/fr\/","title":{"rendered":"Page d&rsquo;accueil"},"content":{"rendered":"<p>[et_pb_section fb_built=\u00a0\u00bb1&Prime; fullwidth=\u00a0\u00bbon\u00a0\u00bb _builder_version=\u00a0\u00bb4.22.1&Prime; _module_preset=\u00a0\u00bbdefault\u00a0\u00bb background_video_mp4=\u00a0\u00bbhttps:\/\/www.stlgcm.com\/wp-content\/uploads\/2023\/09\/STL-Sept-2023.mp4&Prime; background_video_width=\u00a0\u00bb640&Prime; background_video_height=\u00a0\u00bb360&Prime; global_colors_info=\u00a0\u00bb{}\u00a0\u00bb][et_pb_fullwidth_header _builder_version=\u00a0\u00bb4.22.1&Prime; _module_preset=\u00a0\u00bbdefault\u00a0\u00bb background_enable_color=\u00a0\u00bboff\u00a0\u00bb custom_padding=\u00a0\u00bb20em||20em||true|false\u00a0\u00bb custom_padding_tablet=\u00a0\u00bb15em||15em||true|false\u00a0\u00bb custom_padding_phone=\u00a0\u00bb12em||12em||true|false\u00a0\u00bb custom_padding_last_edited=\u00a0\u00bbon|desktop\u00a0\u00bb global_colors_info=\u00a0\u00bb{}\u00a0\u00bb][\/et_pb_fullwidth_header][\/et_pb_section][et_pb_section fb_built=\u00a0\u00bb1&Prime; custom_padding_last_edited=\u00a0\u00bbon|phone\u00a0\u00bb _builder_version=\u00a0\u00bb4.21.0&Prime; _module_preset=\u00a0\u00bbdefault\u00a0\u00bb custom_margin=\u00a0\u00bb||6px||false|false\u00a0\u00bb custom_padding=\u00a0\u00bb||||false|false\u00a0\u00bb custom_padding_tablet=\u00a0\u00bb||24px||false|false\u00a0\u00bb custom_padding_phone=\u00a0\u00bb||24px||false|false\u00a0\u00bb global_colors_info=\u00a0\u00bb{}\u00a0\u00bb][et_pb_row column_structure=\u00a0\u00bb1_3,1_3,1_3&Prime; use_custom_gutter=\u00a0\u00bbon\u00a0\u00bb gutter_width=\u00a0\u00bb2&Prime; make_equal=\u00a0\u00bbon\u00a0\u00bb _builder_version=\u00a0\u00bb4.21.0&Prime; _module_preset=\u00a0\u00bbdefault\u00a0\u00bb custom_margin=\u00a0\u00bb-13em||||false|false\u00a0\u00bb global_colors_info=\u00a0\u00bb{}\u00a0\u00bb][et_pb_column type=\u00a0\u00bb1_3&Prime; _builder_version=\u00a0\u00bb4.21.0&Prime; _module_preset=\u00a0\u00bbdefault\u00a0\u00bb background_color=\u00a0\u00bb#FFFFFF\u00a0\u00bb custom_padding=\u00a0\u00bb||16px||false|false\u00a0\u00bb box_shadow_style=\u00a0\u00bbpreset1&Prime; box_shadow_vertical=\u00a0\u00bb4px\u00a0\u00bb box_shadow_blur=\u00a0\u00bb15px\u00a0\u00bb box_shadow_color=\u00a0\u00bbrgba(26,25,29,0.1)\u00a0\u00bb global_colors_info=\u00a0\u00bb{}\u00a0\u00bb box_shadow_vertical__hover=\u00a0\u00bb4px\u00a0\u00bb box_shadow_vertical__hover_enabled=\u00a0\u00bboff|hover\u00a0\u00bb box_shadow_blur__hover=\u00a0\u00bb15px\u00a0\u00bb box_shadow_blur__hover_enabled=\u00a0\u00bboff|hover\u00a0\u00bb box_shadow_color__hover=\u00a0\u00bbrgba(26,25,29,0.1)\u00a0\u00bb box_shadow_color__hover_enabled=\u00a0\u00bboff|hover\u00a0\u00bb box_shadow_horizontal__hover_enabled=\u00a0\u00bboff|hover\u00a0\u00bb box_shadow_spread__hover_enabled=\u00a0\u00bboff|hover\u00a0\u00bb][et_pb_image src=\u00a0\u00bbhttps:\/\/www.stlgcm.com\/wp-content\/uploads\/2023\/08\/rmi-certification-1.png\u00a0\u00bb title_text=\u00a0\u00bbrmi-certification-1&Prime; _builder_version=\u00a0\u00bb4.22.1&Prime; _module_preset=\u00a0\u00bbdefault\u00a0\u00bb border_width_bottom=\u00a0\u00bb1px\u00a0\u00bb border_color_bottom=\u00a0\u00bb#dedede\u00a0\u00bb global_colors_info=\u00a0\u00bb{}\u00a0\u00bb][\/et_pb_image][et_pb_text _builder_version=\u00a0\u00bb4.21.0&Prime; _module_preset=\u00a0\u00bb9e414356-8308-4e0b-af38-7346eaf68199&Prime; header_2_font_size=\u00a0\u00bb24px\u00a0\u00bb custom_padding=\u00a0\u00bb10px|20px||20px|false|true\u00a0\u00bb global_colors_info=\u00a0\u00bb{}\u00a0\u00bb]<\/p>\n<h2>Obtention de la certification RMI<\/h2>\n<p>La Responsible Minerals Initiative (RMI) a confirm\u00e9 que le cobalt, le cuivre et le zinc produits par STL sont conformes \u00e0 ses exigences d&rsquo;approvisionnement responsable.<\/p>\n<p>[\/et_pb_text][et_pb_button button_url=\u00a0\u00bb#obtention-of-rmi-certification\u00a0\u00bb button_text=\u00a0\u00bbEn savoir plus\u00a0\u00bb button_alignment=\u00a0\u00bbleft\u00a0\u00bb _builder_version=\u00a0\u00bb4.21.0&Prime; _module_preset=\u00a0\u00bbdefault\u00a0\u00bb custom_button=\u00a0\u00bbon\u00a0\u00bb button_use_icon=\u00a0\u00bboff\u00a0\u00bb custom_margin=\u00a0\u00bb20px|||20px|false|false\u00a0\u00bb custom_padding=\u00a0\u00bb8px|24px|8px|24px|true|true\u00a0\u00bb global_colors_info=\u00a0\u00bb{}\u00a0\u00bb][\/et_pb_button][\/et_pb_column][et_pb_column type=\u00a0\u00bb1_3&Prime; _builder_version=\u00a0\u00bb4.21.0&Prime; _module_preset=\u00a0\u00bbdefault\u00a0\u00bb background_color=\u00a0\u00bb#FFFFFF\u00a0\u00bb custom_padding=\u00a0\u00bb||16px||false|false\u00a0\u00bb box_shadow_style=\u00a0\u00bbpreset1&Prime; box_shadow_vertical=\u00a0\u00bb4px\u00a0\u00bb box_shadow_blur=\u00a0\u00bb15px\u00a0\u00bb box_shadow_color=\u00a0\u00bbrgba(26,25,29,0.1)\u00a0\u00bb global_colors_info=\u00a0\u00bb{}\u00a0\u00bb box_shadow_vertical__hover=\u00a0\u00bb4px\u00a0\u00bb box_shadow_vertical__hover_enabled=\u00a0\u00bbon|desktop\u00a0\u00bb box_shadow_blur__hover=\u00a0\u00bb15px\u00a0\u00bb box_shadow_blur__hover_enabled=\u00a0\u00bbon|hover\u00a0\u00bb box_shadow_color__hover=\u00a0\u00bbrgba(26,25,29,0.1)\u00a0\u00bb box_shadow_color__hover_enabled=\u00a0\u00bbon|hover\u00a0\u00bb box_shadow_horizontal__hover_enabled=\u00a0\u00bbon|desktop\u00a0\u00bb box_shadow_spread__hover_enabled=\u00a0\u00bbon|hover\u00a0\u00bb][et_pb_blog posts_number=\u00a0\u00bb1&Prime; include_categories=\u00a0\u00bball\u00a0\u00bb excerpt_length=\u00a0\u00bb150&Prime; show_more=\u00a0\u00bbon\u00a0\u00bb show_author=\u00a0\u00bboff\u00a0\u00bb show_date=\u00a0\u00bboff\u00a0\u00bb show_categories=\u00a0\u00bboff\u00a0\u00bb show_pagination=\u00a0\u00bboff\u00a0\u00bb _builder_version=\u00a0\u00bb4.21.0&Prime; _module_preset=\u00a0\u00bbdefault\u00a0\u00bb header_font=\u00a0\u00bb|600|||||||\u00a0\u00bb header_font_size=\u00a0\u00bb24px\u00a0\u00bb header_letter_spacing=\u00a0\u00bb0.01em\u00a0\u00bb header_line_height=\u00a0\u00bb1.2em\u00a0\u00bb read_more_font=\u00a0\u00bb|||on|||||\u00a0\u00bb read_more_text_color=\u00a0\u00bb#FFFFFF\u00a0\u00bb read_more_font_size=\u00a0\u00bb15px\u00a0\u00bb read_more_letter_spacing=\u00a0\u00bb2px\u00a0\u00bb custom_css_title=\u00a0\u00bbpadding-left: 20px;||padding-right: 20px;\u00a0\u00bb custom_css_content=\u00a0\u00bbpadding-left: 20px;||padding-right: 20px;\u00a0\u00bb custom_css_read_more=\u00a0\u00bbdisplay: inline-block;||text-align: center;||background-color:#106fa7;||margin-top: 20px;||padding: 8px 24px;\u00a0\u00bb global_colors_info=\u00a0\u00bb{}\u00a0\u00bb custom_css_read_more__hover_enabled=\u00a0\u00bbon|hover\u00a0\u00bb custom_css_read_more__hover=\u00a0\u00bbbackground-color:#1A191D;\u00a0\u00bb][\/et_pb_blog][\/et_pb_column][et_pb_column type=\u00a0\u00bb1_3&Prime; _builder_version=\u00a0\u00bb4.21.0&Prime; _module_preset=\u00a0\u00bbdefault\u00a0\u00bb background_color=\u00a0\u00bb#1A191D\u00a0\u00bb custom_padding=\u00a0\u00bb24px|20px|24px|20px|true|true\u00a0\u00bb custom_css_main_element=\u00a0\u00bbtext-align: center;\u00a0\u00bb box_shadow_style=\u00a0\u00bbpreset1&Prime; box_shadow_vertical=\u00a0\u00bb4px\u00a0\u00bb box_shadow_blur=\u00a0\u00bb15px\u00a0\u00bb box_shadow_color=\u00a0\u00bbrgba(26,25,29,0.1)\u00a0\u00bb global_colors_info=\u00a0\u00bb{}\u00a0\u00bb box_shadow_vertical__hover=\u00a0\u00bb4px\u00a0\u00bb box_shadow_vertical__hover_enabled=\u00a0\u00bbon|desktop\u00a0\u00bb box_shadow_blur__hover=\u00a0\u00bb15px\u00a0\u00bb box_shadow_blur__hover_enabled=\u00a0\u00bbon|hover\u00a0\u00bb box_shadow_color__hover=\u00a0\u00bbrgba(26,25,29,0.1)\u00a0\u00bb box_shadow_color__hover_enabled=\u00a0\u00bbon|hover\u00a0\u00bb box_shadow_horizontal__hover_enabled=\u00a0\u00bbon|desktop\u00a0\u00bb box_shadow_spread__hover_enabled=\u00a0\u00bbon|hover\u00a0\u00bb][et_pb_text _builder_version=\u00a0\u00bb4.21.0&Prime; _module_preset=\u00a0\u00bb9e414356-8308-4e0b-af38-7346eaf68199&Prime; header_2_font_size=\u00a0\u00bb24px\u00a0\u00bb background_layout=\u00a0\u00bbdark\u00a0\u00bb global_colors_info=\u00a0\u00bb{}\u00a0\u00bb]<\/p>\n<h2>Notre raison d&rsquo;\u00eatre<\/h2>\n<p><span>STL a pour objet le traitement des scories du terril de la concession G\u00e9camines et leur transformation pour en extraire le cuivre, le cobalt, le zinc et le germanium.<\/span><\/p>\n<p>[\/et_pb_text][et_pb_number_counter title=\u00a0\u00bbPropri\u00e9t\u00e9 de la G\u00e9camines \u00a0\u00bb number=\u00a0\u00bb100&Prime; _builder_version=\u00a0\u00bb4.21.0&Prime; _module_preset=\u00a0\u00bbdefault\u00a0\u00bb title_font=\u00a0\u00bbSource Sans Pro||||||||\u00a0\u00bb title_font_size=\u00a0\u00bb15px\u00a0\u00bb title_line_height=\u00a0\u00bb1.3em\u00a0\u00bb number_font=\u00a0\u00bbSource Sans Pro|600|||||||\u00a0\u00bb number_text_color=\u00a0\u00bb#FFFFFF\u00a0\u00bb number_font_size=\u00a0\u00bb36px\u00a0\u00bb number_letter_spacing=\u00a0\u00bb0.02em\u00a0\u00bb background_layout=\u00a0\u00bbdark\u00a0\u00bb custom_padding=\u00a0\u00bb||||false|false\u00a0\u00bb custom_css_percent=\u00a0\u00bbmargin-bottom: -10px!important;\u00a0\u00bb global_colors_info=\u00a0\u00bb{}\u00a0\u00bb][\/et_pb_number_counter][et_pb_text admin_label=\u00a0\u00bbText\u00a0\u00bb _builder_version=\u00a0\u00bb4.21.0&Prime; _module_preset=\u00a0\u00bbdefault\u00a0\u00bb text_font_size=\u00a0\u00bb15px\u00a0\u00bb text_line_height=\u00a0\u00bb1.3em\u00a0\u00bb background_layout=\u00a0\u00bbdark\u00a0\u00bb custom_margin=\u00a0\u00bb||0px||false|false\u00a0\u00bb custom_padding=\u00a0\u00bb10px||||false|false\u00a0\u00bb global_colors_info=\u00a0\u00bb{}\u00a0\u00bb]<\/p>\n<p style=\"text-align: center;\">Un producteur majeur de Germanium:<\/p>\n<p>[\/et_pb_text][et_pb_number_counter title=\u00a0\u00bbde l\u2019approvisionnement mondial\u00a0\u00bb number=\u00a0\u00bb30&Prime; admin_label=\u00a0\u00bbNumber Counter\u00a0\u00bb _builder_version=\u00a0\u00bb4.21.0&Prime; _module_preset=\u00a0\u00bbdefault\u00a0\u00bb title_font=\u00a0\u00bbSource Sans Pro||||||||\u00a0\u00bb title_font_size=\u00a0\u00bb15px\u00a0\u00bb title_line_height=\u00a0\u00bb1.3em\u00a0\u00bb number_font=\u00a0\u00bbSource Sans Pro|600|||||||\u00a0\u00bb number_text_color=\u00a0\u00bb#FFFFFF\u00a0\u00bb number_font_size=\u00a0\u00bb36px\u00a0\u00bb number_letter_spacing=\u00a0\u00bb0.02em\u00a0\u00bb background_layout=\u00a0\u00bbdark\u00a0\u00bb custom_margin=\u00a0\u00bb-6px||||false|false\u00a0\u00bb custom_padding=\u00a0\u00bb||||false|false\u00a0\u00bb custom_css_percent=\u00a0\u00bbmargin-bottom: -10px!important;\u00a0\u00bb global_colors_info=\u00a0\u00bb{}\u00a0\u00bb][\/et_pb_number_counter][et_pb_text _builder_version=\u00a0\u00bb4.21.0&Prime; _module_preset=\u00a0\u00bbdefault\u00a0\u00bb text_font_size=\u00a0\u00bb28px\u00a0\u00bb background_color=\u00a0\u00bb#e26f23&Prime; background_layout=\u00a0\u00bbdark\u00a0\u00bb custom_margin=\u00a0\u00bb|3%|||false|false\u00a0\u00bb custom_padding=\u00a0\u00bb16px|10px|16px|10px|true|true\u00a0\u00bb custom_css_main_element=\u00a0\u00bbdisplay: inline-block;||margin: 0 6px;\u00a0\u00bb global_colors_info=\u00a0\u00bb{}\u00a0\u00bb custom_css_main_element_last_edited=\u00a0\u00bbon|desktop\u00a0\u00bb custom_css_main_element_phone=\u00a0\u00bbdisplay: inline-block;||margin: 0 4px;\u00a0\u00bb custom_css_main_element_tablet=\u00a0\u00bbdisplay: inline-block;||margin: 0 6px;\u00a0\u00bb]<\/p>\n<p>Co<\/p>\n<p>[\/et_pb_text][et_pb_text _builder_version=\u00a0\u00bb4.21.0&Prime; _module_preset=\u00a0\u00bbdefault\u00a0\u00bb text_font_size=\u00a0\u00bb28px\u00a0\u00bb background_color=\u00a0\u00bb#e26f23&Prime; background_layout=\u00a0\u00bbdark\u00a0\u00bb custom_margin=\u00a0\u00bb|3%|||false|false\u00a0\u00bb custom_padding=\u00a0\u00bb16px|10px|16px|10px|true|true\u00a0\u00bb custom_css_main_element=\u00a0\u00bbdisplay: inline-block;||margin: 0 6px;\u00a0\u00bb global_colors_info=\u00a0\u00bb{}\u00a0\u00bb custom_css_main_element_phone=\u00a0\u00bbdisplay: inline-block;||margin: 0 4px;\u00a0\u00bb custom_css_main_element_last_edited=\u00a0\u00bbon|desktop\u00a0\u00bb custom_css_main_element_tablet=\u00a0\u00bbdisplay: inline-block;||margin: 0 6px;\u00a0\u00bb]<\/p>\n<p>Cu<\/p>\n<p>[\/et_pb_text][et_pb_text _builder_version=\u00a0\u00bb4.21.0&Prime; _module_preset=\u00a0\u00bbdefault\u00a0\u00bb text_font_size=\u00a0\u00bb28px\u00a0\u00bb background_color=\u00a0\u00bb#e26f23&Prime; background_layout=\u00a0\u00bbdark\u00a0\u00bb custom_margin=\u00a0\u00bb|3%|||false|false\u00a0\u00bb custom_padding=\u00a0\u00bb16px|10px|16px|10px|true|true\u00a0\u00bb custom_css_main_element=\u00a0\u00bbdisplay: inline-block;||margin: 0 6px;\u00a0\u00bb global_colors_info=\u00a0\u00bb{}\u00a0\u00bb custom_css_main_element_phone=\u00a0\u00bbdisplay: inline-block;||margin: 0 4px;\u00a0\u00bb custom_css_main_element_last_edited=\u00a0\u00bbon|desktop\u00a0\u00bb custom_css_main_element_tablet=\u00a0\u00bbdisplay: inline-block;||margin: 0 6px;\u00a0\u00bb]<\/p>\n<p>Zn<\/p>\n<p>[\/et_pb_text][et_pb_text _builder_version=\u00a0\u00bb4.21.0&Prime; _module_preset=\u00a0\u00bbdefault\u00a0\u00bb text_font_size=\u00a0\u00bb28px\u00a0\u00bb background_color=\u00a0\u00bb#e26f23&Prime; background_layout=\u00a0\u00bbdark\u00a0\u00bb custom_margin=\u00a0\u00bb|3%|||false|false\u00a0\u00bb custom_padding=\u00a0\u00bb16px|10px|16px|10px|true|true\u00a0\u00bb custom_css_main_element=\u00a0\u00bbdisplay: inline-block;||margin: 0 6px;\u00a0\u00bb global_colors_info=\u00a0\u00bb{}\u00a0\u00bb custom_css_main_element_phone=\u00a0\u00bbdisplay: inline-block;||margin: 0 4px;\u00a0\u00bb custom_css_main_element_last_edited=\u00a0\u00bbon|desktop\u00a0\u00bb custom_css_main_element_tablet=\u00a0\u00bbdisplay: inline-block;||margin: 0 6px;\u00a0\u00bb]<\/p>\n<p>Ge<\/p>\n<p>[\/et_pb_text][\/et_pb_column][\/et_pb_row][\/et_pb_section][et_pb_section fb_built=\u00a0\u00bb1&Prime; custom_padding_last_edited=\u00a0\u00bbon|phone\u00a0\u00bb _builder_version=\u00a0\u00bb4.21.0&Prime; _module_preset=\u00a0\u00bbdefault\u00a0\u00bb custom_padding=\u00a0\u00bb24px||||false|false\u00a0\u00bb custom_padding_tablet=\u00a0\u00bb0px||||false|false\u00a0\u00bb custom_padding_phone=\u00a0\u00bb0px||||false|false\u00a0\u00bb global_colors_info=\u00a0\u00bb{}\u00a0\u00bb][et_pb_row column_structure=\u00a0\u00bb3_5,2_5&Prime; make_equal=\u00a0\u00bbon\u00a0\u00bb module_id=\u00a0\u00bbobtention-of-rmi-certification\u00a0\u00bb _builder_version=\u00a0\u00bb4.21.0&Prime; _module_preset=\u00a0\u00bbdefault\u00a0\u00bb animation_style=\u00a0\u00bbfade\u00a0\u00bb animation_duration=\u00a0\u00bb1200ms\u00a0\u00bb animation_delay=\u00a0\u00bb1ms\u00a0\u00bb global_colors_info=\u00a0\u00bb{}\u00a0\u00bb][et_pb_column type=\u00a0\u00bb3_5&Prime; _builder_version=\u00a0\u00bb4.21.0&Prime; _module_preset=\u00a0\u00bbdefault\u00a0\u00bb global_colors_info=\u00a0\u00bb{}\u00a0\u00bb][et_pb_text _builder_version=\u00a0\u00bb4.21.0&Prime; _module_preset=\u00a0\u00bb9e414356-8308-4e0b-af38-7346eaf68199&Prime; header_2_font_size=\u00a0\u00bb34px\u00a0\u00bb header_2_line_height=\u00a0\u00bb1.4em\u00a0\u00bb header_2_font_size_tablet=\u00a0\u00bb26px\u00a0\u00bb header_2_font_size_phone=\u00a0\u00bb18px\u00a0\u00bb header_2_font_size_last_edited=\u00a0\u00bbon|tablet\u00a0\u00bb header_2_line_height_tablet=\u00a0\u00bb1.4em\u00a0\u00bb header_2_line_height_phone=\u00a0\u00bb1.4em\u00a0\u00bb header_2_line_height_last_edited=\u00a0\u00bbon|phone\u00a0\u00bb global_colors_info=\u00a0\u00bb{}\u00a0\u00bb]<\/p>\n<h2>Soci\u00e9t\u00e9 pour le Traitement du Terril de Lubumbashi (STL) <span class=\"x_ContentPasted0\"><span lang=\"EN-US\" class=\"x_ContentPasted0\">se conforme<\/span><\/span> <span class=\"x_ContentPasted0\"><span lang=\"EN-US\" class=\"x_ContentPasted0\">aux principes d&rsquo;approvisionnement responsable du RMI.<\/span><\/span> <\/h2>\n<p>[\/et_pb_text][et_pb_text _builder_version=\u00a0\u00bb4.27.0&Prime; _module_preset=\u00a0\u00bbdefault\u00a0\u00bb hover_enabled=\u00a0\u00bb0&Prime; global_colors_info=\u00a0\u00bb{}\u00a0\u00bb sticky_enabled=\u00a0\u00bb0&Prime;]<\/p>\n<p style=\"text-align: justify;\">Le Responsible Minerals Initiative (RMI) a confirm\u00e9 que le cobalt, le cuivre et le zinc produits par STL sont conformes \u00e0 ses exigences en mati\u00e8re d&rsquo;approvisionnement responsable.\u00a0\u00a0<\/p>\n<p style=\"text-align: justify;\">STL a obtenu sa premi\u00e8re accr\u00e9ditation RMI en 2021 et est depuis lors demeur\u00e9e sur la liste des entreprises conformes en se soumettant \u00e0 des r\u00e9\u00e9valuations annuelles ind\u00e9pendantes, dans le cadre du programme phare de le RMI, le Responsible Mineral Assurance Process (RMAP).\u00a0<\/p>\n<p style=\"text-align: justify;\">Pour STL, le maintien de la conformit\u00e9 \u00e0 RMI est une priorit\u00e9, car il d\u00e9montre un engagement en faveur d&rsquo;un approvisionnement en minerais responsable et \u00e9thique, garantissant que les cha\u00eenes d&rsquo;approvisionnement sont transparentes et exemptes de conflits ou d&rsquo;atteintes aux droits de l&rsquo;homme.<\/p>\n<p>[\/et_pb_text][\/et_pb_column][et_pb_column type=\u00a0\u00bb2_5&Prime; _builder_version=\u00a0\u00bb4.21.0&Prime; _module_preset=\u00a0\u00bbdefault\u00a0\u00bb global_colors_info=\u00a0\u00bb{}\u00a0\u00bb][et_pb_image src=\u00a0\u00bbhttps:\/\/www.stlgcm.com\/wp-content\/uploads\/2023\/08\/STL_14-1.jpg\u00a0\u00bb title_text=\u00a0\u00bbSTL_14-1&Prime; _builder_version=\u00a0\u00bb4.22.1&Prime; _module_preset=\u00a0\u00bbdefault\u00a0\u00bb positioning=\u00a0\u00bbabsolute\u00a0\u00bb position_origin_a=\u00a0\u00bbcenter_center\u00a0\u00bb position_origin_a_tablet=\u00a0\u00bbcenter_center\u00a0\u00bb position_origin_a_phone=\u00a0\u00bbcenter_center\u00a0\u00bb position_origin_a_last_edited=\u00a0\u00bbon|desktop\u00a0\u00bb position_origin_f_tablet=\u00a0\u00bb\u00a0\u00bb position_origin_f_phone=\u00a0\u00bb\u00a0\u00bb position_origin_f_last_edited=\u00a0\u00bbon|desktop\u00a0\u00bb position_origin_r_tablet=\u00a0\u00bb\u00a0\u00bb position_origin_r_phone=\u00a0\u00bb\u00a0\u00bb position_origin_r_last_edited=\u00a0\u00bbon|desktop\u00a0\u00bb width=\u00a0\u00bb100%\u00a0\u00bb positioning_tablet=\u00a0\u00bbnone\u00a0\u00bb positioning_phone=\u00a0\u00bbnone\u00a0\u00bb positioning_last_edited=\u00a0\u00bbon|desktop\u00a0\u00bb global_colors_info=\u00a0\u00bb{}\u00a0\u00bb][\/et_pb_image][\/et_pb_column][\/et_pb_row][\/et_pb_section]<\/p>\n","protected":false},"excerpt":{"rendered":"<p>Obtention de la certification RMI La Responsible Minerals Initiative (RMI) a confirm\u00e9 que le cobalt, le cuivre et le zinc produits par STL sont conformes \u00e0 ses exigences d&rsquo;approvisionnement responsable.Notre raison d&rsquo;\u00eatre STL a pour objet le traitement des scories du terril de la concession G\u00e9camines et leur transformation pour en extraire le cuivre, le [&hellip;]<\/p>\n","protected":false},"author":1,"featured_media":0,"parent":0,"menu_order":0,"comment_status":"closed","ping_status":"closed","template":"","meta":{"_et_pb_use_builder":"on","_et_pb_old_content":"","_et_gb_content_width":"","footnotes":""},"class_list":["post-206107","page","type-page","status-publish","hentry"],"_links":{"self":[{"href":"https:\/\/www.stlgcm.com\/fr\/wp-json\/wp\/v2\/pages\/206107"}],"collection":[{"href":"https:\/\/www.stlgcm.com\/fr\/wp-json\/wp\/v2\/pages"}],"about":[{"href":"https:\/\/www.stlgcm.com\/fr\/wp-json\/wp\/v2\/types\/page"}],"author":[{"embeddable":true,"href":"https:\/\/www.stlgcm.com\/fr\/wp-json\/wp\/v2\/users\/1"}],"replies":[{"embeddable":true,"href":"https:\/\/www.stlgcm.com\/fr\/wp-json\/wp\/v2\/comments?post=206107"}],"version-history":[{"count":5,"href":"https:\/\/www.stlgcm.com\/fr\/wp-json\/wp\/v2\/pages\/206107\/revisions"}],"predecessor-version":[{"id":206614,"href":"https:\/\/www.stlgcm.com\/fr\/wp-json\/wp\/v2\/pages\/206107\/revisions\/206614"}],"wp:attachment":[{"href":"https:\/\/www.stlgcm.com\/fr\/wp-json\/wp\/v2\/media?parent=206107"}],"curies":[{"name":"wp","href":"https:\/\/api.w.org\/{rel}","templated":true}]}}