{"id":206142,"date":"2023-07-11T10:24:55","date_gmt":"2023-07-11T10:24:55","guid":{"rendered":"https:\/\/www.stlgcm.com\/contactez-nous\/"},"modified":"2023-08-21T08:37:40","modified_gmt":"2023-08-21T08:37:40","slug":"contactez-nous","status":"publish","type":"page","link":"https:\/\/www.stlgcm.com\/fr\/contactez-nous\/","title":{"rendered":"Contactez-nous"},"content":{"rendered":"<p>[et_pb_section fb_built=\u00a0\u00bb1&Prime; fullwidth=\u00a0\u00bbon\u00a0\u00bb _builder_version=\u00a0\u00bb4.21.0&Prime; _module_preset=\u00a0\u00bbdefault\u00a0\u00bb global_colors_info=\u00a0\u00bb{}\u00a0\u00bb][et_pb_fullwidth_header title=\u00a0\u00bbContactez-nous\u00a0\u00bb background_overlay_color=\u00a0\u00bbrgba(10,8,8,0.4)\u00a0\u00bb _builder_version=\u00a0\u00bb4.21.0&Prime; _module_preset=\u00a0\u00bb323dae88-9433-44c4-9f51-f2a6815483bb\u00a0\u00bb background_image=\u00a0\u00bbhttps:\/\/www.stlgcm.com\/wp-content\/uploads\/2023\/07\/stlgcm-04.jpg\u00a0\u00bb global_colors_info=\u00a0\u00bb{}\u00a0\u00bb][\/et_pb_fullwidth_header][\/et_pb_section][et_pb_section fb_built=\u00a0\u00bb1&Prime; _builder_version=\u00a0\u00bb4.21.0&Prime; _module_preset=\u00a0\u00bbdefault\u00a0\u00bb custom_margin=\u00a0\u00bb||||false|false\u00a0\u00bb custom_padding=\u00a0\u00bb2em||2em||true|false\u00a0\u00bb global_colors_info=\u00a0\u00bb{}\u00a0\u00bb][et_pb_row column_structure=\u00a0\u00bb1_2,1_2&Prime; make_equal=\u00a0\u00bbon\u00a0\u00bb _builder_version=\u00a0\u00bb4.21.0&Prime; _module_preset=\u00a0\u00bbdefault\u00a0\u00bb global_colors_info=\u00a0\u00bb{}\u00a0\u00bb][et_pb_column type=\u00a0\u00bb1_2&Prime; _builder_version=\u00a0\u00bb4.21.0&Prime; _module_preset=\u00a0\u00bbdefault\u00a0\u00bb global_colors_info=\u00a0\u00bb{}\u00a0\u00bb][et_pb_text _builder_version=\u00a0\u00bb4.21.0&Prime; _module_preset=\u00a0\u00bbdefault\u00a0\u00bb text_font_size=\u00a0\u00bb17px\u00a0\u00bb global_colors_info=\u00a0\u00bb{}\u00a0\u00bb]<\/p>\n<p><span>Pour les renseignements ou r\u00e9clamations, veuillez s&rsquo;il vous plait remplir ce formulaire.<\/span><\/p>\n<p><span>Votre adresse email ne sera pas publi\u00e9e. <br \/><\/span><span>Les champs requis sont indiqu\u00e9s *<\/span><\/p>\n<p>[\/et_pb_text][et_pb_text _builder_version=\u00a0\u00bb4.21.0&Prime; _module_preset=\u00a0\u00bbdefault\u00a0\u00bb global_colors_info=\u00a0\u00bb{}\u00a0\u00bb]<\/p>\n<p>[contact-form-7 id=\u00a0\u00bb206360&Prime; title=\u00a0\u00bbSTL contact\u00a0\u00bb]<\/p>\n<p>[\/et_pb_text][\/et_pb_column][et_pb_column type=\u00a0\u00bb1_2&Prime; _builder_version=\u00a0\u00bb4.21.0&Prime; _module_preset=\u00a0\u00bbdefault\u00a0\u00bb background_color=\u00a0\u00bb#1A191D\u00a0\u00bb custom_padding=\u00a0\u00bb80px|70px|80px|70px|true|true\u00a0\u00bb custom_padding_tablet=\u00a0\u00bb40px|60px|40px|60px|true|true\u00a0\u00bb custom_padding_phone=\u00a0\u00bb|32px||32px|true|true\u00a0\u00bb custom_padding_last_edited=\u00a0\u00bbon|phone\u00a0\u00bb global_colors_info=\u00a0\u00bb{}\u00a0\u00bb][et_pb_blurb title=\u00a0\u00bbAdresse\u00a0\u00bb use_icon=\u00a0\u00bbon\u00a0\u00bb font_icon=\u00a0\u00bb&#xf3c5;||fa||900&Prime; icon_color=\u00a0\u00bb#ededed\u00a0\u00bb icon_placement=\u00a0\u00bbleft\u00a0\u00bb image_icon_width=\u00a0\u00bb26px\u00a0\u00bb _builder_version=\u00a0\u00bb4.21.0&Prime; _module_preset=\u00a0\u00bbdefault\u00a0\u00bb header_font=\u00a0\u00bbSource Sans Pro|600||on|||||\u00a0\u00bb header_text_color=\u00a0\u00bb#ededed\u00a0\u00bb header_font_size=\u00a0\u00bb17px\u00a0\u00bb header_letter_spacing=\u00a0\u00bb0.4px\u00a0\u00bb body_text_color=\u00a0\u00bb#ededed\u00a0\u00bb image_icon_custom_margin=\u00a0\u00bb||||false|false\u00a0\u00bb image_icon_custom_padding=\u00a0\u00bb||||false|false\u00a0\u00bb custom_margin=\u00a0\u00bb||35px||false|false\u00a0\u00bb global_colors_info=\u00a0\u00bb{}\u00a0\u00bb]<\/p>\n<p>4, Route Kipushi, Q\/mampala, c\/lubumbashi,haut-katanga, RDC<\/p>\n<p>[\/et_pb_blurb][et_pb_blurb title=\u00a0\u00bbE-mail\u00a0\u00bb use_icon=\u00a0\u00bbon\u00a0\u00bb font_icon=\u00a0\u00bb&#xe076;||divi||400&Prime; icon_color=\u00a0\u00bb#ededed\u00a0\u00bb icon_placement=\u00a0\u00bbleft\u00a0\u00bb image_icon_width=\u00a0\u00bb26px\u00a0\u00bb _builder_version=\u00a0\u00bb4.21.0&Prime; _module_preset=\u00a0\u00bbdefault\u00a0\u00bb header_font=\u00a0\u00bbSource Sans Pro|600||on|||||\u00a0\u00bb header_text_color=\u00a0\u00bb#ededed\u00a0\u00bb header_font_size=\u00a0\u00bb17px\u00a0\u00bb header_letter_spacing=\u00a0\u00bb0.4px\u00a0\u00bb body_text_color=\u00a0\u00bb#ededed\u00a0\u00bb image_icon_custom_margin=\u00a0\u00bb||||false|false\u00a0\u00bb image_icon_custom_padding=\u00a0\u00bb||||false|false\u00a0\u00bb custom_margin=\u00a0\u00bb||35px||false|false\u00a0\u00bb global_colors_info=\u00a0\u00bb{}\u00a0\u00bb]<\/p>\n<p>info@stlgcm.com<\/p>\n<p>[\/et_pb_blurb][et_pb_blurb title=\u00a0\u00bbT\u00e9l\u00e9phone\u00a0\u00bb use_icon=\u00a0\u00bbon\u00a0\u00bb font_icon=\u00a0\u00bb&#xe090;||divi||400&Prime; icon_color=\u00a0\u00bb#ededed\u00a0\u00bb icon_placement=\u00a0\u00bbleft\u00a0\u00bb image_icon_width=\u00a0\u00bb26px\u00a0\u00bb _builder_version=\u00a0\u00bb4.21.0&Prime; _module_preset=\u00a0\u00bbdefault\u00a0\u00bb header_font=\u00a0\u00bbSource Sans Pro|600||on|||||\u00a0\u00bb header_text_color=\u00a0\u00bb#ededed\u00a0\u00bb header_font_size=\u00a0\u00bb17px\u00a0\u00bb header_letter_spacing=\u00a0\u00bb0.4px\u00a0\u00bb body_text_color=\u00a0\u00bb#ededed\u00a0\u00bb image_icon_custom_margin=\u00a0\u00bb||||false|false\u00a0\u00bb image_icon_custom_padding=\u00a0\u00bb||||false|false\u00a0\u00bb custom_margin=\u00a0\u00bb||35px||false|false\u00a0\u00bb global_colors_info=\u00a0\u00bb{}\u00a0\u00bb]<\/p>\n<p>+243 808 300 125<\/p>\n<p>[\/et_pb_blurb][\/et_pb_column][\/et_pb_row][\/et_pb_section]<\/p>\n","protected":false},"excerpt":{"rendered":"<p>Pour les renseignements ou r\u00e9clamations, veuillez s&rsquo;il vous plait remplir ce formulaire. Votre adresse email ne sera pas publi\u00e9e. Les champs requis sont indiqu\u00e9s *[contact-form-7 id=\u00a0\u00bb206360&Prime; title=\u00a0\u00bbSTL contact\u00a0\u00bb]4, Route Kipushi, Q\/mampala, c\/lubumbashi,haut-katanga, RDCinfo@stlgcm.com+243 808 300 125<\/p>\n","protected":false},"author":1,"featured_media":0,"parent":0,"menu_order":0,"comment_status":"closed","ping_status":"closed","template":"","meta":{"_et_pb_use_builder":"on","_et_pb_old_content":"","_et_gb_content_width":"","footnotes":""},"class_list":["post-206142","page","type-page","status-publish","hentry"],"_links":{"self":[{"href":"https:\/\/www.stlgcm.com\/fr\/wp-json\/wp\/v2\/pages\/206142"}],"collection":[{"href":"https:\/\/www.stlgcm.com\/fr\/wp-json\/wp\/v2\/pages"}],"about":[{"href":"https:\/\/www.stlgcm.com\/fr\/wp-json\/wp\/v2\/types\/page"}],"author":[{"embeddable":true,"href":"https:\/\/www.stlgcm.com\/fr\/wp-json\/wp\/v2\/users\/1"}],"replies":[{"embeddable":true,"href":"https:\/\/www.stlgcm.com\/fr\/wp-json\/wp\/v2\/comments?post=206142"}],"version-history":[{"count":0,"href":"https:\/\/www.stlgcm.com\/fr\/wp-json\/wp\/v2\/pages\/206142\/revisions"}],"wp:attachment":[{"href":"https:\/\/www.stlgcm.com\/fr\/wp-json\/wp\/v2\/media?parent=206142"}],"curies":[{"name":"wp","href":"https:\/\/api.w.org\/{rel}","templated":true}]}}