{"id":206159,"date":"2023-07-11T06:29:02","date_gmt":"2023-07-11T06:29:02","guid":{"rendered":"https:\/\/www.stlgcm.com\/notre-histoire\/"},"modified":"2023-09-11T12:28:08","modified_gmt":"2023-09-11T12:28:08","slug":"notre-histoire","status":"publish","type":"page","link":"https:\/\/www.stlgcm.com\/fr\/notre-histoire\/","title":{"rendered":"Notre histoire"},"content":{"rendered":"<p>[et_pb_section fb_built=\u00a0\u00bb1&Prime; fullwidth=\u00a0\u00bbon\u00a0\u00bb _builder_version=\u00a0\u00bb4.21.0&Prime; _module_preset=\u00a0\u00bbdefault\u00a0\u00bb global_colors_info=\u00a0\u00bb{}\u00a0\u00bb][et_pb_fullwidth_header title=\u00a0\u00bbNotre histoire\u00a0\u00bb _builder_version=\u00a0\u00bb4.21.0&Prime; _module_preset=\u00a0\u00bb323dae88-9433-44c4-9f51-f2a6815483bb\u00a0\u00bb global_colors_info=\u00a0\u00bb{}\u00a0\u00bb]<\/p>\n<p><span>La Soci\u00e9t\u00e9 congolaise du Terril de Lubumbashi, en sigle STL, l\u2019un de fleuron de la chaine industrielle de la G\u00e9n\u00e9rale des Carri\u00e8res et des Mines (GECAMINES) situ\u00e9e en plein c\u0153ur de la capitale cuprif\u00e8re dans la partie sud-ouest pr\u00e9cis\u00e9ment sur la route Kipushi en lisi\u00e8re de la cit\u00e9 des agents GECAMINES.<\/span><\/p>\n<p>[\/et_pb_fullwidth_header][\/et_pb_section][et_pb_section fb_built=\u00a0\u00bb1&Prime; _builder_version=\u00a0\u00bb4.21.0&Prime; _module_preset=\u00a0\u00bbdefault\u00a0\u00bb custom_margin=\u00a0\u00bb||||false|false\u00a0\u00bb global_colors_info=\u00a0\u00bb{}\u00a0\u00bb][et_pb_row column_structure=\u00a0\u00bb3_4,1_4&Prime; make_equal=\u00a0\u00bbon\u00a0\u00bb _builder_version=\u00a0\u00bb4.21.0&Prime; _module_preset=\u00a0\u00bbdefault\u00a0\u00bb global_colors_info=\u00a0\u00bb{}\u00a0\u00bb][et_pb_column type=\u00a0\u00bb3_4&Prime; _builder_version=\u00a0\u00bb4.21.0&Prime; _module_preset=\u00a0\u00bbdefault\u00a0\u00bb custom_css_main_element=\u00a0\u00bbmargin:auto;\u00a0\u00bb global_colors_info=\u00a0\u00bb{}\u00a0\u00bb][et_pb_text _builder_version=\u00a0\u00bb4.21.0&Prime; _module_preset=\u00a0\u00bbbc409e1e-15af-4196-84b5-2bc89d8ac315&Prime; header_3_font_size_tablet=\u00a0\u00bb\u00a0\u00bb header_3_font_size_phone=\u00a0\u00bb28px\u00a0\u00bb header_3_font_size_last_edited=\u00a0\u00bbon|phone\u00a0\u00bb global_colors_info=\u00a0\u00bb{}\u00a0\u00bb]<\/p>\n<h3>D\u00e9but de STL<\/h3>\n<p>[\/et_pb_text][et_pb_text _builder_version=\u00a0\u00bb4.21.0&Prime; _module_preset=\u00a0\u00bbdefault\u00a0\u00bb global_colors_info=\u00a0\u00bb{}\u00a0\u00bb]<\/p>\n<p style=\"text-align: justify;\">La STL a \u00e9t\u00e9 enregistr\u00e9e en septembre 1999 au greffe du Tribunal de Grande Instance de Lubumbashi sous forme d\u2019une soci\u00e9t\u00e9 priv\u00e9e \u00e0 responsabilit\u00e9 limit\u00e9e.<\/p>\n<p style=\"text-align: justify;\">La Soci\u00e9t\u00e9 pour le Traitement du Terril de Lubumbashi (STL) a \u00e9t\u00e9 cr\u00e9\u00e9e dans le cadre d\u2019un partenariat entre la GECAMINES, le Groupe George Forrest SA (GGF) ET OMG Inc. (Ottokoumpu Mining Group). Ces partenaires ont sign\u00e9 un contrat-cadre le 14 f\u00e9vrier 1996 portant sur la cr\u00e9ation d\u2019une joint-venture.<\/p>\n<p style=\"text-align: justify;\">La Soci\u00e9t\u00e9 de Terril de Lubumbashi a pour objet social Le traitement m\u00e9tallurgique \u00e0 fa\u00e7on des scories du Terril de Lubumbashi en alliages cobaltif\u00e8res.<\/p>\n<p style=\"text-align: justify;\">La propri\u00e9t\u00e9 fonci\u00e8re des terrains sur lesquels sont situ\u00e9s tant l\u2019usine que le Terril, ainsi que le permis d\u2019exploitation du Terril de Lubumbashi ont toujours appartenu \u00e0 GECAMINES.<\/p>\n<p style=\"text-align: justify;\">L\u2019entr\u00e9e en fonction de l\u2019usine est intervenue le 30 novembre 2000, date de son inauguration. En janvier 2013, OMG s\u2019est retir\u00e9e de la joint-venture. Depuis Mars 2013, l\u2019entreprise prendra une nouvelle configuration en gardant les deux autres actionnaires dont GFI (70%) et G\u00e9camines (30%).<\/p>\n<p>[\/et_pb_text][\/et_pb_column][et_pb_column type=\u00a0\u00bb1_4&Prime; _builder_version=\u00a0\u00bb4.21.0&Prime; _module_preset=\u00a0\u00bbdefault\u00a0\u00bb custom_css_main_element=\u00a0\u00bbmargin:auto;\u00a0\u00bb global_colors_info=\u00a0\u00bb{}\u00a0\u00bb][et_pb_image src=\u00a0\u00bbhttps:\/\/www.stlgcm.com\/wp-content\/uploads\/2023\/07\/logostl-1.png\u00a0\u00bb align_tablet=\u00a0\u00bbcenter\u00a0\u00bb align_phone=\u00a0\u00bbcenter\u00a0\u00bb align_last_edited=\u00a0\u00bbon|phone\u00a0\u00bb _builder_version=\u00a0\u00bb4.21.0&Prime; _module_preset=\u00a0\u00bbdefault\u00a0\u00bb width=\u00a0\u00bb13vw\u00a0\u00bb width_tablet=\u00a0\u00bb30vw\u00a0\u00bb width_phone=\u00a0\u00bb45vw\u00a0\u00bb width_last_edited=\u00a0\u00bbon|phone\u00a0\u00bb custom_padding=\u00a0\u00bb|||20px|false|false\u00a0\u00bb custom_padding_tablet=\u00a0\u00bb32px||||false|false\u00a0\u00bb custom_padding_phone=\u00a0\u00bb32px||||false|false\u00a0\u00bb custom_padding_last_edited=\u00a0\u00bbon|phone\u00a0\u00bb global_colors_info=\u00a0\u00bb{}\u00a0\u00bb][\/et_pb_image][\/et_pb_column][\/et_pb_row][\/et_pb_section][et_pb_section fb_built=\u00a0\u00bb1&Prime; fullwidth=\u00a0\u00bbon\u00a0\u00bb _builder_version=\u00a0\u00bb4.21.0&Prime; _module_preset=\u00a0\u00bbdefault\u00a0\u00bb global_colors_info=\u00a0\u00bb{}\u00a0\u00bb][et_pb_fullwidth_slider show_pagination=\u00a0\u00bboff\u00a0\u00bb arrows_custom_color=\u00a0\u00bb#FFFFFF\u00a0\u00bb _builder_version=\u00a0\u00bb4.21.0&Prime; _module_preset=\u00a0\u00bbdefault\u00a0\u00bb min_height_tablet=\u00a0\u00bb300px\u00a0\u00bb min_height_phone=\u00a0\u00bb200px\u00a0\u00bb min_height_last_edited=\u00a0\u00bbon|desktop\u00a0\u00bb height=\u00a0\u00bb540px\u00a0\u00bb max_height=\u00a0\u00bb800px\u00a0\u00bb custom_margin=\u00a0\u00bb||||false|false\u00a0\u00bb custom_padding=\u00a0\u00bb||||false|false\u00a0\u00bb custom_css_slide_arrows=\u00a0\u00bbposition: absolute;||top: 50%;||display: flex;||align-items: center;||justify-content: center;||background-color: #106fa7;||border: 1px solid #106fa7;||width: 48px;||height: 48px;||font-size: 24px;\u00a0\u00bb global_colors_info=\u00a0\u00bb{}\u00a0\u00bb arrows_custom_color__hover_enabled=\u00a0\u00bboff|desktop\u00a0\u00bb][et_pb_slide _builder_version=\u00a0\u00bb4.21.0&Prime; _module_preset=\u00a0\u00bbdefault\u00a0\u00bb background_enable_color=\u00a0\u00bboff\u00a0\u00bb background_image=\u00a0\u00bbhttps:\/\/www.stlgcm.com\/wp-content\/uploads\/2023\/07\/IMG_4434.jpg\u00a0\u00bb background_enable_image=\u00a0\u00bbon\u00a0\u00bb global_colors_info=\u00a0\u00bb{}\u00a0\u00bb sticky_transition=\u00a0\u00bbon\u00a0\u00bb][\/et_pb_slide][et_pb_slide _builder_version=\u00a0\u00bb4.21.0&Prime; _module_preset=\u00a0\u00bbdefault\u00a0\u00bb background_enable_color=\u00a0\u00bboff\u00a0\u00bb background_image=\u00a0\u00bbhttps:\/\/www.stlgcm.com\/wp-content\/uploads\/2023\/07\/header2.jpg\u00a0\u00bb background_enable_image=\u00a0\u00bbon\u00a0\u00bb global_colors_info=\u00a0\u00bb{}\u00a0\u00bb sticky_transition=\u00a0\u00bbon\u00a0\u00bb][\/et_pb_slide][et_pb_slide _builder_version=\u00a0\u00bb4.21.0&Prime; _module_preset=\u00a0\u00bbdefault\u00a0\u00bb background_enable_color=\u00a0\u00bboff\u00a0\u00bb background_image=\u00a0\u00bbhttps:\/\/www.stlgcm.com\/wp-content\/uploads\/2023\/07\/caroussel_1.jpg\u00a0\u00bb background_enable_image=\u00a0\u00bbon\u00a0\u00bb global_colors_info=\u00a0\u00bb{}\u00a0\u00bb sticky_transition=\u00a0\u00bbon\u00a0\u00bb][\/et_pb_slide][\/et_pb_fullwidth_slider][\/et_pb_section][et_pb_section fb_built=\u00a0\u00bb1&Prime; _builder_version=\u00a0\u00bb4.21.0&Prime; _module_preset=\u00a0\u00bbdefault\u00a0\u00bb custom_margin=\u00a0\u00bb||||false|false\u00a0\u00bb global_colors_info=\u00a0\u00bb{}\u00a0\u00bb][et_pb_row make_equal=\u00a0\u00bbon\u00a0\u00bb _builder_version=\u00a0\u00bb4.21.0&Prime; _module_preset=\u00a0\u00bbdefault\u00a0\u00bb global_colors_info=\u00a0\u00bb{}\u00a0\u00bb][et_pb_column type=\u00a0\u00bb4_4&Prime; _builder_version=\u00a0\u00bb4.21.0&Prime; _module_preset=\u00a0\u00bbdefault\u00a0\u00bb custom_css_main_element=\u00a0\u00bbmargin:auto;\u00a0\u00bb global_colors_info=\u00a0\u00bb{}\u00a0\u00bb][et_pb_text _builder_version=\u00a0\u00bb4.21.0&Prime; _module_preset=\u00a0\u00bbb925e2e5-7aca-4522-a72f-ae1dd816a128&Prime; header_3_font_size_tablet=\u00a0\u00bb\u00a0\u00bb header_3_font_size_phone=\u00a0\u00bb28px\u00a0\u00bb header_3_font_size_last_edited=\u00a0\u00bbon|phone\u00a0\u00bb header_4_font_size_tablet=\u00a0\u00bb\u00a0\u00bb header_4_font_size_phone=\u00a0\u00bb24px\u00a0\u00bb header_4_font_size_last_edited=\u00a0\u00bbon|phone\u00a0\u00bb global_colors_info=\u00a0\u00bb{}\u00a0\u00bb]<\/p>\n<h4>Fermeture usine (2017-2019)<\/h4>\n<p>[\/et_pb_text][et_pb_text _builder_version=\u00a0\u00bb4.21.0&Prime; _module_preset=\u00a0\u00bbdefault\u00a0\u00bb global_colors_info=\u00a0\u00bb{}\u00a0\u00bb]<\/p>\n<p style=\"text-align: justify;\">La soci\u00e9t\u00e9 a \u00e9t\u00e9 exploit\u00e9e jusqu\u2019\u00e0 juillet 2017, date \u00e0 laquelle un incident technique, causant une fuite dans la cuve du four \u00e9lectrique, plaque tournante de la production. Cet \u00e9v\u00e8nement a contraint l\u2019activit\u00e9 \u00e0 stopper compl\u00e8tement le 13 ao\u00fbt 2017. Les employ\u00e9s ont \u00e9t\u00e9 remerci\u00e9s le 27 septembre de la m\u00eame ann\u00e9e et l\u2019usine ferm\u00e9e.<\/p>\n<p style=\"text-align: justify;\">Cet arr\u00eat de la production durera deux ans.<\/p>\n<p style=\"text-align: justify;\">\u00c0 la suite d\u2019un accord de la conclusion d\u2019un accord entre la GECAMINES et le GGF en date du 23 f\u00e9vrier 2018, entr\u00e9 en vigueur le 13 avril 2018, GECAMINES est devenue l\u2019actionnaire unique de STL et le seul propri\u00e9taire des actifs d\u00e9di\u00e9s \u00e0 l\u2019exploitation du Terril de Lubumbashi, comprenant notamment le four principal, les p\u00e9riph\u00e9riques et autres installations.<\/p>\n<p style=\"text-align: justify;\">Les travaux de r\u00e9habilitation du four (\u00e0 la charge exclusive du GGF en vertu de l\u2019accord avec la GECAMINES) ont d\u00e9but\u00e9 en 2018 ; et r\u00e9alis\u00e9s sous la supervision technique de Outotech, son concepteur. Le four a donc \u00e9t\u00e9 r\u00e9par\u00e9 et remis en \u00e9tat de fonctionnement normal, mise en service attest\u00e9e par un certificat d\u2019ach\u00e8vement remis par l\u2019expert ind\u00e9pendant en date du 21 mars 2019.<\/p>\n<p style=\"text-align: justify;\">Le 30 juillet 2019, une convention d&rsquo;exploitation et de maintenance de 3 ans a \u00e9t\u00e9 conclue entre la G\u00e9camines et DNMG TECHNOLOGIE ENGINEERING d\u00e9tenue par DAYE NON-FERROUS METALS GROUP HOLDING CO., LTD.<\/p>\n<p style=\"text-align: justify;\">DAYE dispose d\u2019une solide expertise dans ce type d\u2019activit\u00e9 et g\u00e8re \u00e9galement des fours similaires en Chine.<\/p>\n<p style=\"text-align: justify;\">Ce partenariat technique a pour objectif d\u2019apporter les comp\u00e9tences techniques n\u00e9cessaires \u00e0 l\u2019exploitation en toute s\u00e9curit\u00e9 du four et garantir l\u2018am\u00e9lioration des performances op\u00e9rationnelles.<\/p>\n<p style=\"text-align: justify;\">En outre 80% du personnel de l\u2019usine avant l\u2019incident a \u00e9t\u00e9 rappel\u00e9, permettant de capitaliser sur leur exp\u00e9rience op\u00e9rationnelle.<\/p>\n<p>[\/et_pb_text][\/et_pb_column][\/et_pb_row][et_pb_row column_structure=\u00a0\u00bb3_5,2_5&Prime; make_equal=\u00a0\u00bbon\u00a0\u00bb _builder_version=\u00a0\u00bb4.21.0&Prime; _module_preset=\u00a0\u00bbdefault\u00a0\u00bb global_colors_info=\u00a0\u00bb{}\u00a0\u00bb][et_pb_column type=\u00a0\u00bb3_5&Prime; _builder_version=\u00a0\u00bb4.21.0&Prime; _module_preset=\u00a0\u00bbdefault\u00a0\u00bb custom_css_main_element=\u00a0\u00bbmargin:auto;\u00a0\u00bb global_colors_info=\u00a0\u00bb{}\u00a0\u00bb][et_pb_text _builder_version=\u00a0\u00bb4.21.0&Prime; _module_preset=\u00a0\u00bbb925e2e5-7aca-4522-a72f-ae1dd816a128&Prime; header_3_font_size_tablet=\u00a0\u00bb\u00a0\u00bb header_3_font_size_phone=\u00a0\u00bb28px\u00a0\u00bb header_3_font_size_last_edited=\u00a0\u00bbon|phone\u00a0\u00bb header_4_font_size_tablet=\u00a0\u00bb\u00a0\u00bb header_4_font_size_phone=\u00a0\u00bb24px\u00a0\u00bb header_4_font_size_last_edited=\u00a0\u00bbon|phone\u00a0\u00bb global_colors_info=\u00a0\u00bb{}\u00a0\u00bb]<\/p>\n<h4>STL sous la banni\u00e8re de la G\u00e9camines (depuis 2019)<\/h4>\n<p>[\/et_pb_text][et_pb_text _builder_version=\u00a0\u00bb4.21.0&Prime; _module_preset=\u00a0\u00bbdefault\u00a0\u00bb global_colors_info=\u00a0\u00bb{}\u00a0\u00bb]<\/p>\n<p style=\"text-align: justify;\">La Gestion de STL par la GECAMINES, n\u2019a v\u00e9ritablement d\u00e9but\u00e9e qu\u2019en 2019 avec l\u2019ach\u00e8vement et la livraison du four m\u00e9tallurgique r\u00e9habilit\u00e9.<\/p>\n<p style=\"text-align: justify;\">La GECAMINES a souhait\u00e9 se faire accompagner dans le red\u00e9marrage et l\u2019op\u00e9ration quotidienne du four \u00e9lectrique par un op\u00e9rateur en charge de l\u2019exploitation et de la gestion des installations.<\/p>\n<p style=\"text-align: justify;\">Un contrat d\u2019exploitation et maintenance de 3 ans a \u00e9t\u00e9 conclu avec la soci\u00e9t\u00e9 DNMG TECHNOLOGIE ENGINEERING d\u00e9tenue par DAYE NONFERROUS METALS GROUP HOLDING CO., LTD en date du 30 Juillet 2019.<\/p>\n<p style=\"text-align: justify;\">DAYE dispose d\u2019une solide expertise dans ce type d\u2019activit\u00e9 et g\u00e8re \u00e9galement des fours similaires en Chine.<\/p>\n<p>[\/et_pb_text][\/et_pb_column][et_pb_column type=\u00a0\u00bb2_5&Prime; _builder_version=\u00a0\u00bb4.21.0&Prime; _module_preset=\u00a0\u00bbdefault\u00a0\u00bb custom_css_main_element=\u00a0\u00bbmargin:auto;\u00a0\u00bb global_colors_info=\u00a0\u00bb{}\u00a0\u00bb][et_pb_image src=\u00a0\u00bbhttps:\/\/www.stlgcm.com\/wp-content\/uploads\/2023\/07\/Gecamines-e1594586138815.jpg\u00a0\u00bb title_text=\u00a0\u00bbGecamines-e1594586138815&Prime; _builder_version=\u00a0\u00bb4.21.0&Prime; _module_preset=\u00a0\u00bbdefault\u00a0\u00bb custom_padding_tablet=\u00a0\u00bb20px||||false|false\u00a0\u00bb custom_padding_phone=\u00a0\u00bb20px||||false|false\u00a0\u00bb custom_padding_last_edited=\u00a0\u00bbon|tablet\u00a0\u00bb global_colors_info=\u00a0\u00bb{}\u00a0\u00bb][\/et_pb_image][\/et_pb_column][\/et_pb_row][et_pb_row make_equal=\u00a0\u00bbon\u00a0\u00bb _builder_version=\u00a0\u00bb4.21.0&Prime; _module_preset=\u00a0\u00bbdefault\u00a0\u00bb global_colors_info=\u00a0\u00bb{}\u00a0\u00bb][et_pb_column type=\u00a0\u00bb4_4&Prime; _builder_version=\u00a0\u00bb4.21.0&Prime; _module_preset=\u00a0\u00bbdefault\u00a0\u00bb custom_css_main_element=\u00a0\u00bbmargin:auto;\u00a0\u00bb global_colors_info=\u00a0\u00bb{}\u00a0\u00bb][et_pb_text _builder_version=\u00a0\u00bb4.21.0&Prime; _module_preset=\u00a0\u00bbb925e2e5-7aca-4522-a72f-ae1dd816a128&Prime; header_3_font_size_tablet=\u00a0\u00bb\u00a0\u00bb header_3_font_size_phone=\u00a0\u00bb28px\u00a0\u00bb header_3_font_size_last_edited=\u00a0\u00bbon|phone\u00a0\u00bb header_4_font_size_tablet=\u00a0\u00bb\u00a0\u00bb header_4_font_size_phone=\u00a0\u00bb24px\u00a0\u00bb header_4_font_size_last_edited=\u00a0\u00bbon|phone\u00a0\u00bb global_colors_info=\u00a0\u00bb{}\u00a0\u00bb]<\/p>\n<h4>Filialisation de la soci\u00e9t\u00e9<\/h4>\n<p>[\/et_pb_text][et_pb_text _builder_version=\u00a0\u00bb4.21.0&Prime; _module_preset=\u00a0\u00bbdefault\u00a0\u00bb global_colors_info=\u00a0\u00bb{}\u00a0\u00bb]<\/p>\n<p style=\"text-align: justify;\">GECAMINES a fait le choix de filialiser l\u2019exploitation commerciale du Terril au sein de STL, sa filiale \u00e0 100%, afin que STL soit autonome et dispose de moyens d\u2019exploiter ses installations.<\/p>\n<p style=\"text-align: justify;\">En date du 20 d\u00e9cembre 2019, GECAMINES a c\u00e9d\u00e9 \u00e0 STL les \u00e9l\u00e9ments d\u2019actifs et de passif du projet, en ce compris ses droits et obligations au titre des contrats de vente et de pr\u00e9financement de sorte \u00e0 permettre l\u2019autonomisation de la soci\u00e9t\u00e9.<\/p>\n<p style=\"text-align: justify;\">A partir de cette date STL d\u00e9tient la propri\u00e9t\u00e9 pleine et enti\u00e8re des actifs, des diff\u00e9rents contrats et n\u2019a qu\u2019un lien capitalistique avec la GECAMINES, qui en est l\u2019actionnaire unique.<\/p>\n<p style=\"text-align: justify;\">Dans le cadre de l\u2019op\u00e9ration de filialisation de STL il a \u00e9t\u00e9 convenu que GECAMINES :<\/p>\n<ul>\n<li style=\"text-align: justify;\">C\u00e8de \u00e0 STL la propri\u00e9t\u00e9 des installations techniques en ce y compris le four \u00e9lectrique ainsi que tous les actifs n\u00e9cessaires \u00e0 la production;<\/li>\n<li style=\"text-align: justify;\">Amodie les droits miniers aff\u00e9rents au terril de Lubumbashi (GECAMINES (amodiant) et STL (amodiataire)).<\/li>\n<li style=\"text-align: justify;\">C\u00e8de la concession fonci\u00e8re \u00e0 STL ainsi que les contrats de ventes de produits finis conclus dans le cadre du pr\u00e9financement de l\u2019activit\u00e9 ;<\/li>\n<li style=\"text-align: justify;\">C\u00e8de \u00e0 STL la responsabilit\u00e9 du contrat d\u2019op\u00e9ration et maintenance sign\u00e9 avec DAYE ;<\/li>\n<\/ul>\n<p>[\/et_pb_text][et_pb_image src=\u00a0\u00bbhttps:\/\/www.stlgcm.com\/wp-content\/uploads\/2023\/07\/IMG-20230505-WA0002.jpg\u00a0\u00bb _builder_version=\u00a0\u00bb4.21.0&Prime; _module_preset=\u00a0\u00bbdefault\u00a0\u00bb global_colors_info=\u00a0\u00bb{}\u00a0\u00bb][\/et_pb_image][\/et_pb_column][\/et_pb_row][et_pb_row make_equal=\u00a0\u00bbon\u00a0\u00bb _builder_version=\u00a0\u00bb4.21.0&Prime; _module_preset=\u00a0\u00bbdefault\u00a0\u00bb global_colors_info=\u00a0\u00bb{}\u00a0\u00bb][et_pb_column type=\u00a0\u00bb4_4&Prime; _builder_version=\u00a0\u00bb4.21.0&Prime; _module_preset=\u00a0\u00bbdefault\u00a0\u00bb custom_css_main_element=\u00a0\u00bbmargin:auto;\u00a0\u00bb global_colors_info=\u00a0\u00bb{}\u00a0\u00bb][et_pb_text _builder_version=\u00a0\u00bb4.22.1&Prime; _module_preset=\u00a0\u00bbb925e2e5-7aca-4522-a72f-ae1dd816a128&Prime; hover_enabled=\u00a0\u00bb0&Prime; header_3_font_size_tablet=\u00a0\u00bb\u00a0\u00bb header_3_font_size_phone=\u00a0\u00bb28px\u00a0\u00bb header_3_font_size_last_edited=\u00a0\u00bbon|phone\u00a0\u00bb header_4_font_size_tablet=\u00a0\u00bb\u00a0\u00bb header_4_font_size_phone=\u00a0\u00bb24px\u00a0\u00bb header_4_font_size_last_edited=\u00a0\u00bbon|phone\u00a0\u00bb global_colors_info=\u00a0\u00bb{}\u00a0\u00bb sticky_enabled=\u00a0\u00bb0&Prime;]<\/p>\n<h4>Chronologie d&rsquo;un projet unique:<\/h4>\n<p>[\/et_pb_text][et_pb_code _builder_version=\u00a0\u00bb4.22.1&Prime; _module_preset=\u00a0\u00bbdefault\u00a0\u00bb custom_padding=\u00a0\u00bb5px|||||\u00a0\u00bb hover_enabled=\u00a0\u00bb0&Prime; global_colors_info=\u00a0\u00bb{}\u00a0\u00bb sticky_enabled=\u00a0\u00bb0&Prime;]<!-- [et_pb_line_break_holder] -->  <\/p>\n<div class=\"timeline\"><!-- [et_pb_line_break_holder] -->    <\/p>\n<div class=\"status\"><!-- [et_pb_line_break_holder] -->      <span><strong>Septembre 2019<\/strong> <!\u2013- [et_pb_br_holder] -\u2013>Four red\u00e9marr\u00e9 sous la banni\u00e8re de la G\u00e9camines. <\/span><!-- [et_pb_line_break_holder] -->    <\/div>\n<p><!-- [et_pb_line_break_holder] -->    <\/p>\n<div class=\"status\"><!-- [et_pb_line_break_holder] -->      <span><strong>F\u00e9vrier 2020<\/strong> <!\u2013- [et_pb_br_holder] -\u2013>La STL devient ind\u00e9pendante, avec la G\u00e9camines comme unique actionnaire.<\/span><!-- [et_pb_line_break_holder] -->    <\/div>\n<p><!-- [et_pb_line_break_holder] -->    <\/p>\n<div class=\"status\"><!-- [et_pb_line_break_holder] -->      <span><strong>Fin 2020<\/strong> <!\u2013- [et_pb_br_holder] -\u2013>Rapport de ressources conforme au JORC.<\/span><!-- [et_pb_line_break_holder] -->    <\/div>\n<p><!-- [et_pb_line_break_holder] -->    <\/p>\n<div class=\"status\"><!-- [et_pb_line_break_holder] -->      <span><strong>2021<\/strong> <!\u2013- [et_pb_br_holder] -\u2013>Etudes m\u00e9tallurgiques pour d\u00e9terminer le meilleur sch\u00e9ma hydrom\u00e9tallurgique pour le traitement de l&rsquo;alliage blanc.<\/span><!-- [et_pb_line_break_holder] -->    <\/div>\n<p><!-- [et_pb_line_break_holder] -->    <\/p>\n<div class=\"status\"><!-- [et_pb_line_break_holder] -->      <span><strong>Mars 2022<\/strong> <!\u2013- [et_pb_br_holder] -\u2013>Etude de faisabilit\u00e9.<\/span><!-- [et_pb_line_break_holder] -->    <\/div>\n<p><!-- [et_pb_line_break_holder] -->    <\/p>\n<div class=\"status\"><!-- [et_pb_line_break_holder] -->      <span><strong>Juin 2022<\/strong> <!\u2013- [et_pb_br_holder] -\u2013>D\u00e9but des travaux de terrassement.<\/span><!-- [et_pb_line_break_holder] -->    <\/div>\n<p><!-- [et_pb_line_break_holder] -->    <\/p>\n<div class=\"status\"><!-- [et_pb_line_break_holder] -->      <span><strong>Septembre 2023<\/strong> <!\u2013- [et_pb_br_holder] -\u2013>Usine en phase finale de mise en service.<\/span><!-- [et_pb_line_break_holder] -->    <\/div>\n<p><!-- [et_pb_line_break_holder] -->    <!-- [et_pb_line_break_holder] -->  <\/div>\n<p><!-- [et_pb_line_break_holder] --><!-- [et_pb_line_break_holder] --><!-- [et_pb_line_break_holder] --><\/p>\n<style><!-- [et_pb_line_break_holder] -->  .timeline {<!-- [et_pb_line_break_holder] -->    display: flex;<!-- [et_pb_line_break_holder] -->    margin-top: 4rem;<!-- [et_pb_line_break_holder] -->  }<!-- [et_pb_line_break_holder] --><!-- [et_pb_line_break_holder] -->  .status {<!-- [et_pb_line_break_holder] -->    display: flex;<!-- [et_pb_line_break_holder] -->    justify-content: center;<!-- [et_pb_line_break_holder] -->    border-top: 1px dashed #dedede;<!-- [et_pb_line_break_holder] -->    position: relative;<!-- [et_pb_line_break_holder] -->    width: 280px;<!-- [et_pb_line_break_holder] -->  }<!-- [et_pb_line_break_holder] --><!-- [et_pb_line_break_holder] -->  .status span {<!-- [et_pb_line_break_holder] -->    padding: 48px 20px;<!-- [et_pb_line_break_holder] -->    font-size: 1rem;<!-- [et_pb_line_break_holder] -->    color: #666666;<!-- [et_pb_line_break_holder] -->    line-height: 1.5rem;<!-- [et_pb_line_break_holder] -->    text-align: left;<!-- [et_pb_line_break_holder] -->  }<!-- [et_pb_line_break_holder] -->  <!-- [et_pb_line_break_holder] -->  .status span strong {<!-- [et_pb_line_break_holder] -->    font-size: 1.25rem;<!-- [et_pb_line_break_holder] -->    color: #1a191d;<!-- [et_pb_line_break_holder] -->    line-height: 1.2rem;<!-- [et_pb_line_break_holder] -->  }<!-- [et_pb_line_break_holder] --><!-- [et_pb_line_break_holder] -->  .status span:first-child {<!-- [et_pb_line_break_holder] -->    padding-left: 0px;<!-- [et_pb_line_break_holder] -->  }<!-- [et_pb_line_break_holder] --><!-- [et_pb_line_break_holder] -->  .status span:before {<!-- [et_pb_line_break_holder] -->    content: '';<!-- [et_pb_line_break_holder] -->    width: 0.8125rem;<!-- [et_pb_line_break_holder] -->    height: 0.8125rem;<!-- [et_pb_line_break_holder] -->    background-color: #106fa7;<!-- [et_pb_line_break_holder] -->    border-radius: 25px;<!-- [et_pb_line_break_holder] -->    position: absolute;<!-- [et_pb_line_break_holder] -->    top: -8px;<!-- [et_pb_line_break_holder] -->    \/*left: calc(50% - 12px); \/\/ align circle to center*\/<!-- [et_pb_line_break_holder] -->  }<!-- [et_pb_line_break_holder] --><!-- [et_pb_line_break_holder] -->  @media only screen and (max-width: 980px) {<!-- [et_pb_line_break_holder] -->    .timeline {<!-- [et_pb_line_break_holder] -->      display: initial;<!-- [et_pb_line_break_holder] -->    }<!-- [et_pb_line_break_holder] --><!-- [et_pb_line_break_holder] -->    .status {<!-- [et_pb_line_break_holder] -->      border-top: none;<!-- [et_pb_line_break_holder] -->      border-left: 1px dashed #dedede;<!-- [et_pb_line_break_holder] -->      width: 100%;<!-- [et_pb_line_break_holder] -->      max-width: fit-content;<!-- [et_pb_line_break_holder] -->    }<!-- [et_pb_line_break_holder] --><!-- [et_pb_line_break_holder] -->    .status:last-child {<!-- [et_pb_line_break_holder] -->      border-left: 1px dashed #dedede;<!-- [et_pb_line_break_holder] -->    }<!-- [et_pb_line_break_holder] --><!-- [et_pb_line_break_holder] -->    .status span {<!-- [et_pb_line_break_holder] -->      font-size: 1rem;<!-- [et_pb_line_break_holder] -->    }<!-- [et_pb_line_break_holder] --><!-- [et_pb_line_break_holder] -->    .status span:first-child {<!-- [et_pb_line_break_holder] -->      padding-left: 40px;<!-- [et_pb_line_break_holder] -->      padding-top: 20px;<!-- [et_pb_line_break_holder] -->    }<!-- [et_pb_line_break_holder] --><!-- [et_pb_line_break_holder] -->    .status span:last-child {<!-- [et_pb_line_break_holder] -->      margin-top: -5px;<!-- [et_pb_line_break_holder] -->    }<!-- [et_pb_line_break_holder] --><!-- [et_pb_line_break_holder] -->    .status span:before {<!-- [et_pb_line_break_holder] -->      top: 20px;<!-- [et_pb_line_break_holder] -->      left: -7px;<!-- [et_pb_line_break_holder] -->    }<!-- [et_pb_line_break_holder] -->  }<!-- [et_pb_line_break_holder] --><\/style>\n<p>[\/et_pb_code][\/et_pb_column][\/et_pb_row][\/et_pb_section]<\/p>\n","protected":false},"excerpt":{"rendered":"<p>La Soci\u00e9t\u00e9 congolaise du Terril de Lubumbashi, en sigle STL, l\u2019un de fleuron de la chaine industrielle de la G\u00e9n\u00e9rale des Carri\u00e8res et des Mines (GECAMINES) situ\u00e9e en plein c\u0153ur de la capitale cuprif\u00e8re dans la partie sud-ouest pr\u00e9cis\u00e9ment sur la route Kipushi en lisi\u00e8re de la cit\u00e9 des agents GECAMINES.D\u00e9but de STLLa STL a [&hellip;]<\/p>\n","protected":false},"author":1,"featured_media":0,"parent":0,"menu_order":0,"comment_status":"closed","ping_status":"closed","template":"","meta":{"_et_pb_use_builder":"on","_et_pb_old_content":"","_et_gb_content_width":"","footnotes":""},"class_list":["post-206159","page","type-page","status-publish","hentry"],"_links":{"self":[{"href":"https:\/\/www.stlgcm.com\/fr\/wp-json\/wp\/v2\/pages\/206159"}],"collection":[{"href":"https:\/\/www.stlgcm.com\/fr\/wp-json\/wp\/v2\/pages"}],"about":[{"href":"https:\/\/www.stlgcm.com\/fr\/wp-json\/wp\/v2\/types\/page"}],"author":[{"embeddable":true,"href":"https:\/\/www.stlgcm.com\/fr\/wp-json\/wp\/v2\/users\/1"}],"replies":[{"embeddable":true,"href":"https:\/\/www.stlgcm.com\/fr\/wp-json\/wp\/v2\/comments?post=206159"}],"version-history":[{"count":3,"href":"https:\/\/www.stlgcm.com\/fr\/wp-json\/wp\/v2\/pages\/206159\/revisions"}],"predecessor-version":[{"id":206549,"href":"https:\/\/www.stlgcm.com\/fr\/wp-json\/wp\/v2\/pages\/206159\/revisions\/206549"}],"wp:attachment":[{"href":"https:\/\/www.stlgcm.com\/fr\/wp-json\/wp\/v2\/media?parent=206159"}],"curies":[{"name":"wp","href":"https:\/\/api.w.org\/{rel}","templated":true}]}}