{"id":206355,"date":"2023-07-13T12:33:57","date_gmt":"2023-07-13T12:33:57","guid":{"rendered":"https:\/\/www.stlgcm.com\/nos-produits\/"},"modified":"2023-08-28T07:11:22","modified_gmt":"2023-08-28T07:11:22","slug":"nos-produits","status":"publish","type":"page","link":"https:\/\/www.stlgcm.com\/fr\/nos-produits\/","title":{"rendered":"Nos produits"},"content":{"rendered":"<p>[et_pb_section fb_built=\u00a0\u00bb1&Prime; fullwidth=\u00a0\u00bbon\u00a0\u00bb _builder_version=\u00a0\u00bb4.21.0&Prime; _module_preset=\u00a0\u00bbdefault\u00a0\u00bb global_colors_info=\u00a0\u00bb{}\u00a0\u00bb][et_pb_fullwidth_header title=\u00a0\u00bbNos produits\u00a0\u00bb background_overlay_color=\u00a0\u00bbrgba(0,0,0,0.4)\u00a0\u00bb _builder_version=\u00a0\u00bb4.21.0&Prime; _module_preset=\u00a0\u00bb323dae88-9433-44c4-9f51-f2a6815483bb\u00a0\u00bb background_image=\u00a0\u00bbhttps:\/\/www.stlgcm.com\/wp-content\/uploads\/2023\/07\/stlgcm-13.jpg\u00a0\u00bb global_colors_info=\u00a0\u00bb{}\u00a0\u00bb][\/et_pb_fullwidth_header][\/et_pb_section][et_pb_section fb_built=\u00a0\u00bb1&Prime; _builder_version=\u00a0\u00bb4.21.0&Prime; _module_preset=\u00a0\u00bbdefault\u00a0\u00bb global_colors_info=\u00a0\u00bb{}\u00a0\u00bb][et_pb_row column_structure=\u00a0\u00bb1_2,1_2&Prime; use_custom_gutter=\u00a0\u00bbon\u00a0\u00bb gutter_width=\u00a0\u00bb2&Prime; make_equal=\u00a0\u00bbon\u00a0\u00bb _builder_version=\u00a0\u00bb4.21.0&Prime; _module_preset=\u00a0\u00bbdefault\u00a0\u00bb locked=\u00a0\u00bboff\u00a0\u00bb global_colors_info=\u00a0\u00bb{}\u00a0\u00bb][et_pb_column type=\u00a0\u00bb1_2&Prime; module_id=\u00a0\u00bbzinc-oxide\u00a0\u00bb _builder_version=\u00a0\u00bb4.21.0&Prime; _module_preset=\u00a0\u00bbdefault\u00a0\u00bb background_color=\u00a0\u00bb#FFFFFF\u00a0\u00bb custom_padding=\u00a0\u00bb||16px||false|false\u00a0\u00bb box_shadow_style=\u00a0\u00bbpreset1&Prime; box_shadow_vertical=\u00a0\u00bb4px\u00a0\u00bb box_shadow_blur=\u00a0\u00bb15px\u00a0\u00bb box_shadow_color=\u00a0\u00bbrgba(26,25,29,0.1)\u00a0\u00bb global_colors_info=\u00a0\u00bb{}\u00a0\u00bb box_shadow_vertical__hover=\u00a0\u00bb4px\u00a0\u00bb box_shadow_vertical__hover_enabled=\u00a0\u00bboff|hover\u00a0\u00bb box_shadow_blur__hover=\u00a0\u00bb15px\u00a0\u00bb box_shadow_blur__hover_enabled=\u00a0\u00bboff|hover\u00a0\u00bb box_shadow_color__hover=\u00a0\u00bbrgba(26,25,29,0.1)\u00a0\u00bb box_shadow_color__hover_enabled=\u00a0\u00bboff|hover\u00a0\u00bb box_shadow_horizontal__hover_enabled=\u00a0\u00bboff|hover\u00a0\u00bb box_shadow_spread__hover_enabled=\u00a0\u00bboff|hover\u00a0\u00bb][et_pb_image src=\u00a0\u00bbhttps:\/\/www.stlgcm.com\/wp-content\/uploads\/2023\/07\/zinc-oxide.jpg\u00a0\u00bb title_text=\u00a0\u00bbzinc-oxide\u00a0\u00bb _builder_version=\u00a0\u00bb4.22.1&Prime; _module_preset=\u00a0\u00bbdefault\u00a0\u00bb global_colors_info=\u00a0\u00bb{}\u00a0\u00bb][\/et_pb_image][et_pb_text _builder_version=\u00a0\u00bb4.22.1&Prime; _module_preset=\u00a0\u00bb9e414356-8308-4e0b-af38-7346eaf68199&Prime; header_2_font_size=\u00a0\u00bb24px\u00a0\u00bb custom_padding=\u00a0\u00bb|20px||20px|false|true\u00a0\u00bb global_colors_info=\u00a0\u00bb{}\u00a0\u00bb]<\/p>\n<h2>Oxyde de zinc<\/h2>\n<p style=\"text-align: left;\">L&rsquo;oxyde de zinc est un compos\u00e9 blanc largement inerte qui est tr\u00e8s largement utilis\u00e9 comme agent de charge ou charge et comme pigment blanc. On le trouve dans certains produits en caoutchouc, en verre et en c\u00e9ramique, et il est utilis\u00e9 dans l&rsquo;industrie chimique comme catalyseur. Il est \u00e9galement utilis\u00e9 dans les peintures comme inhibiteur de corrosion et pour lutter contre la moisissure.  <\/p>\n<p>[\/et_pb_text][\/et_pb_column][et_pb_column type=\u00a0\u00bb1_2&Prime; module_id=\u00a0\u00bbwhite-alloy\u00a0\u00bb _builder_version=\u00a0\u00bb4.21.0&Prime; _module_preset=\u00a0\u00bbdefault\u00a0\u00bb background_color=\u00a0\u00bb#FFFFFF\u00a0\u00bb custom_padding=\u00a0\u00bb||16px||false|false\u00a0\u00bb box_shadow_style=\u00a0\u00bbpreset1&Prime; box_shadow_vertical=\u00a0\u00bb4px\u00a0\u00bb box_shadow_blur=\u00a0\u00bb15px\u00a0\u00bb box_shadow_color=\u00a0\u00bbrgba(26,25,29,0.1)\u00a0\u00bb global_colors_info=\u00a0\u00bb{}\u00a0\u00bb box_shadow_vertical__hover=\u00a0\u00bb4px\u00a0\u00bb box_shadow_vertical__hover_enabled=\u00a0\u00bboff|hover\u00a0\u00bb box_shadow_blur__hover=\u00a0\u00bb15px\u00a0\u00bb box_shadow_blur__hover_enabled=\u00a0\u00bboff|hover\u00a0\u00bb box_shadow_color__hover=\u00a0\u00bbrgba(26,25,29,0.1)\u00a0\u00bb box_shadow_color__hover_enabled=\u00a0\u00bboff|hover\u00a0\u00bb box_shadow_horizontal__hover_enabled=\u00a0\u00bboff|hover\u00a0\u00bb box_shadow_spread__hover_enabled=\u00a0\u00bboff|hover\u00a0\u00bb][et_pb_image src=\u00a0\u00bbhttps:\/\/www.stlgcm.com\/wp-content\/uploads\/2023\/07\/white-alloy.jpg\u00a0\u00bb title_text=\u00a0\u00bbwhite-alloy\u00a0\u00bb _builder_version=\u00a0\u00bb4.21.0&Prime; _module_preset=\u00a0\u00bbdefault\u00a0\u00bb global_colors_info=\u00a0\u00bb{}\u00a0\u00bb][\/et_pb_image][et_pb_text _builder_version=\u00a0\u00bb4.22.1&Prime; _module_preset=\u00a0\u00bb9e414356-8308-4e0b-af38-7346eaf68199&Prime; header_2_font_size=\u00a0\u00bb24px\u00a0\u00bb custom_padding=\u00a0\u00bb|20px||20px|false|true\u00a0\u00bb global_colors_info=\u00a0\u00bb{}\u00a0\u00bb]<\/p>\n<h2>Alliage Blanc<\/h2>\n<p>L&rsquo;alliage blanc est un produit interm\u00e9diaire de la fusion du cobalt contenant du cobalt, du cuivre et du fer.<\/p>\n<p>[\/et_pb_text][\/et_pb_column][\/et_pb_row][et_pb_row custom_padding_last_edited=\u00a0\u00bbon|phone\u00a0\u00bb module_id=\u00a0\u00bbnew-products-from-hydrometallurgical-plant\u00a0\u00bb _builder_version=\u00a0\u00bb4.21.0&Prime; _module_preset=\u00a0\u00bbdefault\u00a0\u00bb custom_padding=\u00a0\u00bb4em||||false|false\u00a0\u00bb custom_padding_tablet=\u00a0\u00bb4em||||false|false\u00a0\u00bb custom_padding_phone=\u00a0\u00bb2em||||false|false\u00a0\u00bb global_colors_info=\u00a0\u00bb{}\u00a0\u00bb][et_pb_column type=\u00a0\u00bb4_4&Prime; _builder_version=\u00a0\u00bb4.21.0&Prime; _module_preset=\u00a0\u00bbdefault\u00a0\u00bb global_colors_info=\u00a0\u00bb{}\u00a0\u00bb][et_pb_text _builder_version=\u00a0\u00bb4.21.0&Prime; _module_preset=\u00a0\u00bb9e414356-8308-4e0b-af38-7346eaf68199&Prime; header_2_font_size=\u00a0\u00bb34px\u00a0\u00bb header_2_font_size_tablet=\u00a0\u00bb32px\u00a0\u00bb header_2_font_size_phone=\u00a0\u00bb28px\u00a0\u00bb header_2_font_size_last_edited=\u00a0\u00bbon|phone\u00a0\u00bb global_colors_info=\u00a0\u00bb{}\u00a0\u00bb]<\/p>\n<h2>Nouveaux produits de l&rsquo;usine hydrom\u00e9tallurgique:<\/h2>\n<p>[\/et_pb_text][\/et_pb_column][\/et_pb_row][et_pb_row column_structure=\u00a0\u00bb1_3,1_3,1_3&Prime; use_custom_gutter=\u00a0\u00bbon\u00a0\u00bb gutter_width=\u00a0\u00bb2&Prime; make_equal=\u00a0\u00bbon\u00a0\u00bb _builder_version=\u00a0\u00bb4.21.0&Prime; _module_preset=\u00a0\u00bbdefault\u00a0\u00bb locked=\u00a0\u00bboff\u00a0\u00bb global_colors_info=\u00a0\u00bb{}\u00a0\u00bb][et_pb_column type=\u00a0\u00bb1_3&Prime; _builder_version=\u00a0\u00bb4.21.0&Prime; _module_preset=\u00a0\u00bbdefault\u00a0\u00bb background_color=\u00a0\u00bb#FFFFFF\u00a0\u00bb custom_padding=\u00a0\u00bb||16px||false|false\u00a0\u00bb box_shadow_style=\u00a0\u00bbpreset1&Prime; box_shadow_vertical=\u00a0\u00bb4px\u00a0\u00bb box_shadow_blur=\u00a0\u00bb15px\u00a0\u00bb box_shadow_color=\u00a0\u00bbrgba(26,25,29,0.1)\u00a0\u00bb global_colors_info=\u00a0\u00bb{}\u00a0\u00bb box_shadow_vertical__hover=\u00a0\u00bb4px\u00a0\u00bb box_shadow_vertical__hover_enabled=\u00a0\u00bboff|hover\u00a0\u00bb box_shadow_blur__hover=\u00a0\u00bb15px\u00a0\u00bb box_shadow_blur__hover_enabled=\u00a0\u00bboff|hover\u00a0\u00bb box_shadow_color__hover=\u00a0\u00bbrgba(26,25,29,0.1)\u00a0\u00bb box_shadow_color__hover_enabled=\u00a0\u00bboff|hover\u00a0\u00bb box_shadow_horizontal__hover_enabled=\u00a0\u00bboff|hover\u00a0\u00bb box_shadow_spread__hover_enabled=\u00a0\u00bboff|hover\u00a0\u00bb][et_pb_image src=\u00a0\u00bbhttps:\/\/www.stlgcm.com\/wp-content\/uploads\/2023\/08\/stl-cobalt-hydroxide-1.jpg\u00a0\u00bb alt=\u00a0\u00bbHydroxyde de cobalt\u00a0\u00bb title_text=\u00a0\u00bbstl-cobalt-hydroxide\u00a0\u00bb _builder_version=\u00a0\u00bb4.22.1&Prime; _module_preset=\u00a0\u00bbdefault\u00a0\u00bb hover_enabled=\u00a0\u00bb0&Prime; global_colors_info=\u00a0\u00bb{}\u00a0\u00bb sticky_enabled=\u00a0\u00bb0&Prime;][\/et_pb_image][et_pb_text _builder_version=\u00a0\u00bb4.22.1&Prime; _module_preset=\u00a0\u00bb9e414356-8308-4e0b-af38-7346eaf68199&Prime; header_2_font_size=\u00a0\u00bb24px\u00a0\u00bb custom_padding=\u00a0\u00bb|20px||20px|false|true\u00a0\u00bb global_colors_info=\u00a0\u00bb{}\u00a0\u00bb]<\/p>\n<h2>Hydroxyde de cobalt<\/h2>\n<p>L&rsquo;hydroxyde de cobalt est le compos\u00e9 inorganique de formule Co(OH). Il est le plus utilis\u00e9 comme agent de s\u00e9chage pour les peintures , les vernis et les encres, dans la pr\u00e9paration d&rsquo;autres compos\u00e9s de cobalt, comme catalyseur et dans la fabrication d&rsquo;\u00e9lectrodes de batteries au lithium-ion. <\/p>\n<p>[\/et_pb_text][\/et_pb_column][et_pb_column type=\u00a0\u00bb1_3&Prime; _builder_version=\u00a0\u00bb4.21.0&Prime; _module_preset=\u00a0\u00bbdefault\u00a0\u00bb background_color=\u00a0\u00bb#FFFFFF\u00a0\u00bb custom_padding=\u00a0\u00bb||16px||false|false\u00a0\u00bb box_shadow_style=\u00a0\u00bbpreset1&Prime; box_shadow_vertical=\u00a0\u00bb4px\u00a0\u00bb box_shadow_blur=\u00a0\u00bb15px\u00a0\u00bb box_shadow_color=\u00a0\u00bbrgba(26,25,29,0.1)\u00a0\u00bb global_colors_info=\u00a0\u00bb{}\u00a0\u00bb box_shadow_vertical__hover=\u00a0\u00bb4px\u00a0\u00bb box_shadow_vertical__hover_enabled=\u00a0\u00bboff|hover\u00a0\u00bb box_shadow_blur__hover=\u00a0\u00bb15px\u00a0\u00bb box_shadow_blur__hover_enabled=\u00a0\u00bboff|hover\u00a0\u00bb box_shadow_color__hover=\u00a0\u00bbrgba(26,25,29,0.1)\u00a0\u00bb box_shadow_color__hover_enabled=\u00a0\u00bboff|hover\u00a0\u00bb box_shadow_horizontal__hover_enabled=\u00a0\u00bboff|hover\u00a0\u00bb box_shadow_spread__hover_enabled=\u00a0\u00bboff|hover\u00a0\u00bb][et_pb_image src=\u00a0\u00bbhttps:\/\/www.stlgcm.com\/wp-content\/uploads\/2023\/08\/stl-copper-cathode-1.jpg\u00a0\u00bb alt=\u00a0\u00bbCopper Cathode\u00a0\u00bb title_text=\u00a0\u00bbstl-copper-cathode\u00a0\u00bb _builder_version=\u00a0\u00bb4.22.1&Prime; _module_preset=\u00a0\u00bbdefault\u00a0\u00bb global_colors_info=\u00a0\u00bb{}\u00a0\u00bb][\/et_pb_image][et_pb_text _builder_version=\u00a0\u00bb4.22.1&Prime; _module_preset=\u00a0\u00bb9e414356-8308-4e0b-af38-7346eaf68199&Prime; header_2_font_size=\u00a0\u00bb24px\u00a0\u00bb custom_padding=\u00a0\u00bb|20px||20px|false|true\u00a0\u00bb global_colors_info=\u00a0\u00bb{}\u00a0\u00bb]<\/p>\n<h2>Cathode de cuivre<\/h2>\n<p>La cathode de cuivre est une forme de cuivre qui a une puret\u00e9 de 99,95 %. Afin d&rsquo;\u00e9liminer les impuret\u00e9s du minerai de cuivre, il subit deux processus, la fusion et l&rsquo;\u00e9lectroraffinage. Le cuivre presque pur qui en r\u00e9sulte est un excellent conducteur et est souvent utilis\u00e9 dans le c\u00e2blage \u00e9lectrique.  <\/p>\n<p>[\/et_pb_text][\/et_pb_column][et_pb_column type=\u00a0\u00bb1_3&Prime; _builder_version=\u00a0\u00bb4.21.0&Prime; _module_preset=\u00a0\u00bbdefault\u00a0\u00bb background_color=\u00a0\u00bb#FFFFFF\u00a0\u00bb custom_padding=\u00a0\u00bb||16px||false|false\u00a0\u00bb box_shadow_style=\u00a0\u00bbpreset1&Prime; box_shadow_vertical=\u00a0\u00bb4px\u00a0\u00bb box_shadow_blur=\u00a0\u00bb15px\u00a0\u00bb box_shadow_color=\u00a0\u00bbrgba(26,25,29,0.1)\u00a0\u00bb global_colors_info=\u00a0\u00bb{}\u00a0\u00bb box_shadow_vertical__hover=\u00a0\u00bb4px\u00a0\u00bb box_shadow_vertical__hover_enabled=\u00a0\u00bboff|hover\u00a0\u00bb box_shadow_blur__hover=\u00a0\u00bb15px\u00a0\u00bb box_shadow_blur__hover_enabled=\u00a0\u00bboff|hover\u00a0\u00bb box_shadow_color__hover=\u00a0\u00bbrgba(26,25,29,0.1)\u00a0\u00bb box_shadow_color__hover_enabled=\u00a0\u00bboff|hover\u00a0\u00bb box_shadow_horizontal__hover_enabled=\u00a0\u00bboff|hover\u00a0\u00bb box_shadow_spread__hover_enabled=\u00a0\u00bboff|hover\u00a0\u00bb][et_pb_image src=\u00a0\u00bbhttps:\/\/www.stlgcm.com\/wp-content\/uploads\/2023\/08\/stl-germanium-concentrate-1.jpg\u00a0\u00bb title_text=\u00a0\u00bbstl-germanium-concentrate\u00a0\u00bb _builder_version=\u00a0\u00bb4.22.1&Prime; _module_preset=\u00a0\u00bbdefault\u00a0\u00bb hover_enabled=\u00a0\u00bb0&Prime; global_colors_info=\u00a0\u00bb{}\u00a0\u00bb sticky_enabled=\u00a0\u00bb0&Prime;][\/et_pb_image][et_pb_text _builder_version=\u00a0\u00bb4.22.1&Prime; _module_preset=\u00a0\u00bb9e414356-8308-4e0b-af38-7346eaf68199&Prime; header_2_font_size=\u00a0\u00bb24px\u00a0\u00bb custom_padding=\u00a0\u00bb|20px||20px|false|true\u00a0\u00bb global_colors_info=\u00a0\u00bb{}\u00a0\u00bb]<\/p>\n<h2>Germanium<\/h2>\n<p>Le germanium est l&rsquo;\u00e9l\u00e9ment chimique de num\u00e9ro atomique 32, de symbole Ge. Ce m\u00e9tallo\u00efde est semi-conducteur et cristallise avec la m\u00eame structure que le diamant, tout comme le silicium. La quasi-totalit\u00e9 du germanium est r\u00e9cup\u00e9r\u00e9e dans les fonderies de zinc (sous-produit de fusion). En 2007, les applications principales \u00e9taient la fabrication de fibres optiques (35 %), l&rsquo;optique dans le domaine de l&rsquo;infrarouge (20 %), les catalyseurs (20 %), l&rsquo;\u00e9lectronique (15 %) et certains types de cellules photovolta\u00efques.     <\/p>\n<p>[\/et_pb_text][\/et_pb_column][\/et_pb_row][\/et_pb_section]<\/p>\n","protected":false},"excerpt":{"rendered":"<p>Oxyde de zinc L&rsquo;oxyde de zinc est un compos\u00e9 blanc largement inerte qui est tr\u00e8s largement utilis\u00e9 comme agent de charge ou charge et comme pigment blanc. On le trouve dans certains produits en caoutchouc, en verre et en c\u00e9ramique, et il est utilis\u00e9 dans l&rsquo;industrie chimique comme catalyseur. Il est \u00e9galement utilis\u00e9 dans les [&hellip;]<\/p>\n","protected":false},"author":1,"featured_media":0,"parent":0,"menu_order":0,"comment_status":"closed","ping_status":"closed","template":"","meta":{"_et_pb_use_builder":"on","_et_pb_old_content":"","_et_gb_content_width":"","footnotes":""},"class_list":["post-206355","page","type-page","status-publish","hentry"],"_links":{"self":[{"href":"https:\/\/www.stlgcm.com\/fr\/wp-json\/wp\/v2\/pages\/206355"}],"collection":[{"href":"https:\/\/www.stlgcm.com\/fr\/wp-json\/wp\/v2\/pages"}],"about":[{"href":"https:\/\/www.stlgcm.com\/fr\/wp-json\/wp\/v2\/types\/page"}],"author":[{"embeddable":true,"href":"https:\/\/www.stlgcm.com\/fr\/wp-json\/wp\/v2\/users\/1"}],"replies":[{"embeddable":true,"href":"https:\/\/www.stlgcm.com\/fr\/wp-json\/wp\/v2\/comments?post=206355"}],"version-history":[{"count":0,"href":"https:\/\/www.stlgcm.com\/fr\/wp-json\/wp\/v2\/pages\/206355\/revisions"}],"wp:attachment":[{"href":"https:\/\/www.stlgcm.com\/fr\/wp-json\/wp\/v2\/media?parent=206355"}],"curies":[{"name":"wp","href":"https:\/\/api.w.org\/{rel}","templated":true}]}}